{"id":26,"date":"2021-03-31T14:45:31","date_gmt":"2021-03-31T14:45:31","guid":{"rendered":"https:\/\/omda.be\/?page_id=26"},"modified":"2021-06-22T09:37:23","modified_gmt":"2021-06-22T09:37:23","slug":"qui-sommes-nous","status":"publish","type":"page","link":"https:\/\/omda.be\/?page_id=26","title":{"rendered":"Qui sommes-nous ?"},"content":{"rendered":"<p><img decoding=\"async\" width=\"402\" height=\"402\" src=\"https:\/\/omda.be\/wp-content\/uploads\/2021\/04\/1541672447772.jpg\" alt=\"\" loading=\"lazy\" \/>\t\t\t<\/p>\n<h3>\n\t\t\t\tMathias YDE\t\t\t<\/h3>\n<p>Actuelle directeur ex\u00e9cutif, tr\u00e9sorier et membre fondateur de l&#8217;OMDa<\/p>\n<p>Directeur et g\u00e9rant chez Respire Dental; Dipl\u00f4m\u00e9 de l\u2019Universit\u00e9 de Gand et de la Vlerick Buisness School<\/p>\n<p><a href=\"mailto:mathias@omda.com\">mathias@omda.com<\/a><br \/>\n<a>+32 9 330 19 91<\/a><\/p>\n<p>\t\t\t\t<img decoding=\"async\" width=\"400\" height=\"400\" src=\"https:\/\/omda.be\/wp-content\/uploads\/2021\/04\/Charlotte.jpg\" alt=\"\" loading=\"lazy\" \/>\t\t\t<\/p>\n<h3>\n\t\t\t\tCharlotte VAN BELLE\t\t\t<\/h3>\n<p>Actuelle Vice-pr\u00e9sidente et membre fondateur de l&#8217;OMDa<\/p>\n<p>Dentiste fonctionnel chez Respire Dental; Dipl\u00f4m\u00e9e de l\u2019Universit\u00e9 de Gand<\/p>\n<p><a href=\"mailto:charlotte@omda.com\">charlotte@omda.com<\/a><br \/>\n<a>+32 9 330 19 91<\/a><br \/>\n\t\t\t\t<img decoding=\"async\" width=\"768\" height=\"768\" src=\"https:\/\/omda.be\/wp-content\/uploads\/2021\/04\/IMG_4441-768x768.jpg\" alt=\"\" loading=\"lazy\" \/>\t\t\t<\/p>\n<h3>\n\t\t\t\tMorgane WARNIER\t\t\t<\/h3>\n<p>Actuelle pr\u00e9sidente et membre fondateur de l\u2019OMDa<\/p>\n<p>Vice-pr\u00e9sidente de la Soci\u00e9t\u00e9 Fran\u00e7aise d\u2019Orthodontie P\u00e9diatrique; Doctorante en logop\u00e9die, Universit\u00e9 de Li\u00e8ge; Boursi\u00e8re du Fond National de Recherche Scientifique Belge<\/p>\n<p><a href=\"mailto:morgane@omda.com\">morgane@omda.com<\/a><br \/>\n<a>+32 497 97 18 12<\/a><\/p>\n<h2>Membres du Conseil consultatif<\/h2>\n<h2>\n\t\t\t\tC\u00e9lestine Louis\t\t\t<\/h2>\n<h3>Orthophoniste\/logop\u00e8de<\/h3>\n<p>Lorem ipsum dolor sit amet, consectetur adipiscing elit. Suspendisse non rutrum felis. Nullam pharetra faucibus sapien in malesuada. Nullam eu dolor in tellus consequat consequat<\/p>\n<p>.<a href=\"mailto:info@morel.be\">info@morel.be<\/a><a>+32 488 44 89 66<\/a><\/p>\n<\/p>\n<h2>\n\t\t\t\tLucia Martinelli\t\t\t<\/h2>\n<h3>Orthodontiste <\/h3>\n<p>Lorem ipsum dolor sit amet, consectetur adipiscing elit. Suspendisse non rutrum felis. Nullam pharetra faucibus sapien in malesuada. Nullam eu dolor in tellus consequat consequat.<\/p>\n<p><a href=\"mailto:info@morel.be\">info@morel.be<\/a><a>+32 488 44 89 66<\/a><\/p>\n<\/p>\n<h2>\n\t\t\t\tJacques Morel\t\t\t<\/h2>\n<h3>Kin\u00e9sith\u00e9rapeute<\/h3>\n<p>Lorem ipsum dolor sit amet, consectetur adipiscing elit. Suspendisse non rutrum felis. Nullam pharetra faucibus sapien in malesuada. Nullam eu dolor in tellus consequat consequat.<\/p>\n<p><a href=\"mailto:info@morel.be\">info@morel.be<\/a><br \/>\n<a>+32 488 44 89 66<\/a><\/p>\n<h2>\n\t\t\t\tMartin Meunier\t\t\t<\/h2>\n<h3>Orthodontiste<\/h3>\n<p>Lorem ipsum dolor sit amet, consectetur adipiscing elit. Suspendisse non rutrum felis. Nullam pharetra faucibus sapien in malesuada. Nullam eu dolor in tellus consequat consequat.<\/p>\n<p><a href=\"mailto:info@martin.be\">info@martin.be<\/a><br \/>\n<a>+32 488 44 89 66<\/a><\/p>\n<h2>\n\t\t\t\tMarie Padiva\t\t\t<\/h2>\n<h3>ORL<\/h3>\n<p>Lorem ipsum dolor sit amet, consectetur adipiscing elit. Suspendisse non rutrum felis. Nullam pharetra faucibus sapien in malesuada. Nullam eu dolor in tellus consequat consequat.<\/p>\n<p><a href=\"mailto:info@morel.be\">info@morel.be<\/a><a>+32 488 44 89 66<\/a><\/p>\n<h2>\n\t\t\t\tGregory de Vischer\t\t\t<\/h2>\n<h3>Orthodontiste<\/h3>\n<p>Lorem ipsum dolor sit amet, consectetur adipiscing elit. Suspendisse non rutrum felis. Nullam pharetra faucibus sapien in malesuada. Nullam eu dolor in tellus consequat consequat.<\/p>\n<p><a href=\"mailto:info@devischer.be\">info@devischer.be<\/a><br \/>\n<a>+32 488 44 89 66<\/a><\/p>\n","protected":false},"excerpt":{"rendered":"<p>Mathias YDE Actuelle directeur ex\u00e9cutif, tr\u00e9sorier et membre fondateur de l&#8217;OMDa Directeur et g\u00e9rant chez Respire Dental; Dipl\u00f4m\u00e9 de l\u2019Universit\u00e9 de Gand et de la Vlerick Buisness School mathias@omda.com +32 9 330 19 91 Charlotte VAN BELLE Actuelle Vice-pr\u00e9sidente et membre fondateur de l&#8217;OMDa Dentiste fonctionnel chez Respire Dental; Dipl\u00f4m\u00e9e de l\u2019Universit\u00e9 de Gand charlotte@omda.com [&hellip;]<\/p>\n","protected":false},"author":1,"featured_media":0,"parent":0,"menu_order":0,"comment_status":"closed","ping_status":"open","template":"","meta":{"footnotes":""},"class_list":["post-26","page","type-page","status-publish","hentry","entry"],"_links":{"self":[{"href":"https:\/\/omda.be\/index.php?rest_route=\/wp\/v2\/pages\/26","targetHints":{"allow":["GET"]}}],"collection":[{"href":"https:\/\/omda.be\/index.php?rest_route=\/wp\/v2\/pages"}],"about":[{"href":"https:\/\/omda.be\/index.php?rest_route=\/wp\/v2\/types\/page"}],"author":[{"embeddable":true,"href":"https:\/\/omda.be\/index.php?rest_route=\/wp\/v2\/users\/1"}],"replies":[{"embeddable":true,"href":"https:\/\/omda.be\/index.php?rest_route=%2Fwp%2Fv2%2Fcomments&post=26"}],"version-history":[{"count":232,"href":"https:\/\/omda.be\/index.php?rest_route=\/wp\/v2\/pages\/26\/revisions"}],"predecessor-version":[{"id":1062,"href":"https:\/\/omda.be\/index.php?rest_route=\/wp\/v2\/pages\/26\/revisions\/1062"}],"wp:attachment":[{"href":"https:\/\/omda.be\/index.php?rest_route=%2Fwp%2Fv2%2Fmedia&parent=26"}],"curies":[{"name":"wp","href":"https:\/\/api.w.org\/{rel}","templated":true}]}}